{"id":223564,"date":"2021-12-09T17:59:27","date_gmt":"2021-12-09T17:59:27","guid":{"rendered":"https:\/\/kransband.online\/?page_id=223564"},"modified":"2021-12-09T17:59:27","modified_gmt":"2021-12-09T17:59:27","slug":"tack-for-ditt-kop","status":"publish","type":"page","link":"https:\/\/kransband.online\/index.php\/tack-for-ditt-kop\/","title":{"rendered":"Tack f\u00f6r ditt k\u00f6p"},"content":{"rendered":"<p>[et_pb_section fb_built=&#8221;1&#8243; theme_builder_area=&#8221;post_content&#8221; _builder_version=&#8221;4.14.2&#8243; _module_preset=&#8221;default&#8221;][et_pb_row _builder_version=&#8221;4.14.2&#8243; _module_preset=&#8221;default&#8221; theme_builder_area=&#8221;post_content&#8221; custom_margin=&#8221;80px||||false|false&#8221; hover_enabled=&#8221;0&#8243; sticky_enabled=&#8221;0&#8243;][et_pb_column _builder_version=&#8221;4.14.2&#8243; _module_preset=&#8221;default&#8221; type=&#8221;4_4&#8243; theme_builder_area=&#8221;post_content&#8221;][et_pb_blurb title=&#8221;Tack f\u00f6r ditt k\u00f6p, din order behandlas!&#8221; _builder_version=&#8221;4.14.2&#8243; _module_preset=&#8221;default&#8221; theme_builder_area=&#8221;post_content&#8221; hover_enabled=&#8221;0&#8243; sticky_enabled=&#8221;0&#8243; use_icon=&#8221;on&#8221; font_icon=&#8221;&#xf5b8;||fa||400&#8243; icon_color=&#8221;#f3c9bf&#8221; icon_placement=&#8221;left&#8221;]<\/p>\n<ol>\n<li>Logga in f\u00f6r att se dina aktiva ordrar.<\/li>\n<li>En orderbekr\u00e4ftelse kommer att skickas till din mail, <strong>Observera<\/strong> om du inte kan hitta mailet kika i din skr\u00e4ppost.<\/li>\n<\/ol>\n<p>[\/et_pb_blurb][\/et_pb_column][\/et_pb_row][\/et_pb_section]<\/p>\n","protected":false},"excerpt":{"rendered":"<p>Logga in f\u00f6r att se dina aktiva ordrar. En orderbekr\u00e4ftelse kommer att skickas till din mail, Observera om du inte kan hitta mailet kika i din skr\u00e4ppost.<\/p>\n","protected":false},"author":1,"featured_media":0,"parent":0,"menu_order":0,"comment_status":"closed","ping_status":"closed","template":"","meta":{"_et_pb_use_builder":"on","_et_pb_old_content":"","_et_gb_content_width":"","inline_featured_image":false,"footnotes":""},"class_list":["post-223564","page","type-page","status-publish","hentry"],"yoast_head":"<!-- This site is optimized with the Yoast SEO plugin v27.5 - https:\/\/yoast.com\/product\/yoast-seo-wordpress\/ -->\n<title>Tack f\u00f6r ditt k\u00f6p | Kransband<\/title>\n<meta name=\"robots\" content=\"index, follow, max-snippet:-1, max-image-preview:large, max-video-preview:-1\" \/>\n<link rel=\"canonical\" href=\"https:\/\/kransband.online\/index.php\/tack-for-ditt-kop\/\" \/>\n<meta property=\"og:locale\" content=\"sv_SE\" \/>\n<meta property=\"og:type\" content=\"article\" \/>\n<meta property=\"og:title\" content=\"Tack f\u00f6r ditt k\u00f6p | Kransband\" \/>\n<meta property=\"og:description\" content=\"Logga in f\u00f6r att se dina aktiva ordrar. En orderbekr\u00e4ftelse kommer att skickas till din mail, Observera om du inte kan hitta mailet kika i din skr\u00e4ppost.\" \/>\n<meta property=\"og:url\" content=\"https:\/\/kransband.online\/index.php\/tack-for-ditt-kop\/\" \/>\n<meta property=\"og:site_name\" content=\"Kransband\" \/>\n<meta property=\"article:publisher\" content=\"https:\/\/www.facebook.com\/begravningsband\" \/>\n<meta name=\"twitter:card\" content=\"summary_large_image\" \/>\n<script type=\"application\/ld+json\" class=\"yoast-schema-graph\">{\"@context\":\"https:\\\/\\\/schema.org\",\"@graph\":[{\"@type\":\"WebPage\",\"@id\":\"https:\\\/\\\/kransband.online\\\/index.php\\\/tack-for-ditt-kop\\\/\",\"url\":\"https:\\\/\\\/kransband.online\\\/index.php\\\/tack-for-ditt-kop\\\/\",\"name\":\"Tack f\u00f6r ditt k\u00f6p | Kransband\",\"isPartOf\":{\"@id\":\"https:\\\/\\\/kransband.online\\\/#website\"},\"datePublished\":\"2021-12-09T17:59:27+00:00\",\"breadcrumb\":{\"@id\":\"https:\\\/\\\/kransband.online\\\/index.php\\\/tack-for-ditt-kop\\\/#breadcrumb\"},\"inLanguage\":\"sv-SE\",\"potentialAction\":[{\"@type\":\"ReadAction\",\"target\":[\"https:\\\/\\\/kransband.online\\\/index.php\\\/tack-for-ditt-kop\\\/\"]}]},{\"@type\":\"BreadcrumbList\",\"@id\":\"https:\\\/\\\/kransband.online\\\/index.php\\\/tack-for-ditt-kop\\\/#breadcrumb\",\"itemListElement\":[{\"@type\":\"ListItem\",\"position\":1,\"name\":\"Home\",\"item\":\"https:\\\/\\\/kransband.online\\\/\"},{\"@type\":\"ListItem\",\"position\":2,\"name\":\"Tack f\u00f6r ditt k\u00f6p\"}]},{\"@type\":\"WebSite\",\"@id\":\"https:\\\/\\\/kransband.online\\\/#website\",\"url\":\"https:\\\/\\\/kransband.online\\\/\",\"name\":\"Kransband\",\"description\":\"Kransband Online\",\"potentialAction\":[{\"@type\":\"SearchAction\",\"target\":{\"@type\":\"EntryPoint\",\"urlTemplate\":\"https:\\\/\\\/kransband.online\\\/?s={search_term_string}\"},\"query-input\":{\"@type\":\"PropertyValueSpecification\",\"valueRequired\":true,\"valueName\":\"search_term_string\"}}],\"inLanguage\":\"sv-SE\"}]}<\/script>\n<!-- \/ Yoast SEO plugin. -->","yoast_head_json":{"title":"Tack f\u00f6r ditt k\u00f6p | Kransband","robots":{"index":"index","follow":"follow","max-snippet":"max-snippet:-1","max-image-preview":"max-image-preview:large","max-video-preview":"max-video-preview:-1"},"canonical":"https:\/\/kransband.online\/index.php\/tack-for-ditt-kop\/","og_locale":"sv_SE","og_type":"article","og_title":"Tack f\u00f6r ditt k\u00f6p | Kransband","og_description":"Logga in f\u00f6r att se dina aktiva ordrar. En orderbekr\u00e4ftelse kommer att skickas till din mail, Observera om du inte kan hitta mailet kika i din skr\u00e4ppost.","og_url":"https:\/\/kransband.online\/index.php\/tack-for-ditt-kop\/","og_site_name":"Kransband","article_publisher":"https:\/\/www.facebook.com\/begravningsband","twitter_card":"summary_large_image","schema":{"@context":"https:\/\/schema.org","@graph":[{"@type":"WebPage","@id":"https:\/\/kransband.online\/index.php\/tack-for-ditt-kop\/","url":"https:\/\/kransband.online\/index.php\/tack-for-ditt-kop\/","name":"Tack f\u00f6r ditt k\u00f6p | Kransband","isPartOf":{"@id":"https:\/\/kransband.online\/#website"},"datePublished":"2021-12-09T17:59:27+00:00","breadcrumb":{"@id":"https:\/\/kransband.online\/index.php\/tack-for-ditt-kop\/#breadcrumb"},"inLanguage":"sv-SE","potentialAction":[{"@type":"ReadAction","target":["https:\/\/kransband.online\/index.php\/tack-for-ditt-kop\/"]}]},{"@type":"BreadcrumbList","@id":"https:\/\/kransband.online\/index.php\/tack-for-ditt-kop\/#breadcrumb","itemListElement":[{"@type":"ListItem","position":1,"name":"Home","item":"https:\/\/kransband.online\/"},{"@type":"ListItem","position":2,"name":"Tack f\u00f6r ditt k\u00f6p"}]},{"@type":"WebSite","@id":"https:\/\/kransband.online\/#website","url":"https:\/\/kransband.online\/","name":"Kransband","description":"Kransband Online","potentialAction":[{"@type":"SearchAction","target":{"@type":"EntryPoint","urlTemplate":"https:\/\/kransband.online\/?s={search_term_string}"},"query-input":{"@type":"PropertyValueSpecification","valueRequired":true,"valueName":"search_term_string"}}],"inLanguage":"sv-SE"}]}},"_links":{"self":[{"href":"https:\/\/kransband.online\/index.php\/wp-json\/wp\/v2\/pages\/223564","targetHints":{"allow":["GET"]}}],"collection":[{"href":"https:\/\/kransband.online\/index.php\/wp-json\/wp\/v2\/pages"}],"about":[{"href":"https:\/\/kransband.online\/index.php\/wp-json\/wp\/v2\/types\/page"}],"author":[{"embeddable":true,"href":"https:\/\/kransband.online\/index.php\/wp-json\/wp\/v2\/users\/1"}],"replies":[{"embeddable":true,"href":"https:\/\/kransband.online\/index.php\/wp-json\/wp\/v2\/comments?post=223564"}],"version-history":[{"count":2,"href":"https:\/\/kransband.online\/index.php\/wp-json\/wp\/v2\/pages\/223564\/revisions"}],"predecessor-version":[{"id":223569,"href":"https:\/\/kransband.online\/index.php\/wp-json\/wp\/v2\/pages\/223564\/revisions\/223569"}],"wp:attachment":[{"href":"https:\/\/kransband.online\/index.php\/wp-json\/wp\/v2\/media?parent=223564"}],"curies":[{"name":"wp","href":"https:\/\/api.w.org\/{rel}","templated":true}]}}