{"id":113,"date":"2021-10-12T10:07:36","date_gmt":"2021-10-12T10:07:36","guid":{"rendered":"https:\/\/kransband.online\/?page_id=113"},"modified":"2026-01-27T17:08:25","modified_gmt":"2026-01-27T17:08:25","slug":"aterbetalning_returer","status":"publish","type":"page","link":"https:\/\/kransband.online\/index.php\/aterbetalning_returer\/","title":{"rendered":"K\u00f6pvillkor"},"content":{"rendered":"<p>[et_pb_section fb_built=&#8221;1&#8243; admin_label=&#8221;section&#8221; _builder_version=&#8221;4.16&#8243; global_colors_info=&#8221;{}&#8221;][et_pb_row _builder_version=&#8221;4.16&#8243; _module_preset=&#8221;default&#8221; width_tablet=&#8221;&#8221; width_phone=&#8221;90%&#8221; width_last_edited=&#8221;on|phone&#8221; max_width_tablet=&#8221;&#8221; max_width_phone=&#8221;90%&#8221; max_width_last_edited=&#8221;on|phone&#8221; global_colors_info=&#8221;{}&#8221;][et_pb_column type=&#8221;4_4&#8243; _builder_version=&#8221;4.16&#8243; _module_preset=&#8221;default&#8221; global_colors_info=&#8221;{}&#8221;][et_pb_blurb title=&#8221;K\u00f6pvillkor&#8221; _builder_version=&#8221;4.16&#8243; _module_preset=&#8221;default&#8221; header_text_align=&#8221;center&#8221; header_font_size=&#8221;64px&#8221; header_font_size_tablet=&#8221;&#8221; header_font_size_phone=&#8221;46px&#8221; header_font_size_last_edited=&#8221;on|phone&#8221; global_colors_info=&#8221;{}&#8221;]<\/p>\n<p style=\"text-align: center;\">K\u00f6p och leveransvillkor, du handlar alltid tryggt hos kransband.online.\u00a0<\/p>\n<p>[\/et_pb_blurb][\/et_pb_column][\/et_pb_row][et_pb_row column_structure=&#8221;1_2,1_2&#8243; _builder_version=&#8221;4.16&#8243; _module_preset=&#8221;default&#8221; width_tablet=&#8221;&#8221; width_phone=&#8221;90%&#8221; width_last_edited=&#8221;on|phone&#8221; max_width_tablet=&#8221;&#8221; max_width_phone=&#8221;90%&#8221; max_width_last_edited=&#8221;on|phone&#8221; global_colors_info=&#8221;{}&#8221;][et_pb_column type=&#8221;1_2&#8243; _builder_version=&#8221;4.16&#8243; _module_preset=&#8221;default&#8221; global_colors_info=&#8221;{}&#8221;][et_pb_blurb title=&#8221;Leverans&#8221; use_icon=&#8221;on&#8221; font_icon=&#8221;&#xe009;||divi||400&#8243; icon_placement=&#8221;left&#8221; _builder_version=&#8221;4.27.5&#8243; _module_preset=&#8221;default&#8221; hover_enabled=&#8221;0&#8243; global_colors_info=&#8221;{}&#8221; sticky_enabled=&#8221;0&#8243;]<\/p>\n<p>-Leveranstid \u00e4r 3-6 arbetsdagar +Postnord som har 2-3 arbetsdagar.\u00a0 (total leveranstid \u00e4r ca 10 arbetsdagar)\u00a0<\/p>\n<p>-Frakt 39 kr<\/p>\n<p>-Skriv g\u00e4rna begravningsdatum. ange radbrytning om det \u00e4r flera namn, vi godk\u00e4nner 3 rader. obs att texten blir mindre ju fler tecken som anv\u00e4nds.<\/p>\n<p>-Efter lagd order f\u00e5r du en orderbekr\u00e4ftelse till din mail, f\u00e5r du ingen orderbekr\u00e4ftelse kontakta oss direkt efter att du kontrollerat din skr\u00e4ppost.<\/p>\n<p>-Vi skickar sp\u00e5rbart via Postnord KLASS 1 VARUBREV &#8211;\u00a0 direkt till din brevl\u00e5da\/l\u00e4mnar vid d\u00f6rr.<\/p>\n<p>-Vi tar emot telefonbest\u00e4llningar.<\/p>\n<p>[\/et_pb_blurb][et_pb_image src=&#8221;https:\/\/kransband.online\/wp-content\/uploads\/2021\/10\/kopvillkor-postnord-logo.webp&#8221; title_text=&#8221;kopvillkor-postnord-logo&#8221; _builder_version=&#8221;4.16&#8243; _module_preset=&#8221;default&#8221; width=&#8221;40%&#8221; module_alignment=&#8221;left&#8221; global_colors_info=&#8221;{}&#8221;][\/et_pb_image][\/et_pb_column][et_pb_column type=&#8221;1_2&#8243; _builder_version=&#8221;4.16&#8243; _module_preset=&#8221;default&#8221; global_colors_info=&#8221;{}&#8221;][et_pb_blurb title=&#8221;Betalning&#8221; use_icon=&#8221;on&#8221; font_icon=&#8221;&#xe014;||divi||400&#8243; icon_placement=&#8221;left&#8221; _builder_version=&#8221;4.27.5&#8243; _module_preset=&#8221;default&#8221; global_colors_info=&#8221;{}&#8221;]<\/p>\n<p>Betalning sker enklast via Swish<\/p>\n<p>Vid Swish betalning: \u00f6ppna swish appen skriv ditt mobilnummer och godk\u00e4nn summan f\u00f6r Projects By Humaan F\u00e5r du problem med v\u00e5r API swish handel kan du g\u00f6ra du betalningen manuellt till v\u00e5rt Swish\u00a0 f\u00f6retags nr 123-280 53 49<\/p>\n<p>kransband.online fakturerar f\u00f6retag\/blomsterbutik\/begravningsbyr\u00e5er med org.nr fr\u00e5n v\u00e5rt egna faktureringssystem, kontakta oss f\u00f6r att bli \u00e5terf\u00f6rs\u00e4ljare\/fakturakund.<\/p>\n<p>[\/et_pb_blurb][et_pb_image src=&#8221;https:\/\/kransband.online\/wp-content\/uploads\/2021\/10\/Swish_Acceptance_Mark_Horizontal-Plate_P3.png&#8221; alt=&#8221;k\u00f6pvillkor, swish betalning f\u00f6r kransband&#8221; title_text=&#8221;Swish_Acceptance_Mark_Horizontal-Plate_P3&#8243; _builder_version=&#8221;4.16&#8243; _module_preset=&#8221;default&#8221; width=&#8221;30%&#8221; global_colors_info=&#8221;{}&#8221;][\/et_pb_image][\/et_pb_column][\/et_pb_row][et_pb_row column_structure=&#8221;1_2,1_2&#8243; _builder_version=&#8221;4.16&#8243; _module_preset=&#8221;default&#8221; global_colors_info=&#8221;{}&#8221;][et_pb_column type=&#8221;1_2&#8243; _builder_version=&#8221;4.16&#8243; _module_preset=&#8221;default&#8221; global_colors_info=&#8221;{}&#8221;][et_pb_blurb title=&#8221;\u00d6ppetk\u00f6p&#8221; use_icon=&#8221;on&#8221; font_icon=&#8221;&#xe106;||divi||400&#8243; icon_placement=&#8221;left&#8221; _builder_version=&#8221;4.16&#8243; _module_preset=&#8221;default&#8221; global_colors_info=&#8221;{}&#8221;]<\/p>\n<p>\u00d6ppet k\u00f6p eller byte g\u00e4ller inte vid specialtryckta produkter, byte\/retur g\u00e4ller endast om det visat sig att det \u00e4r vi\u00a0 (kransband.online) som har tryckt fel.\u00a0<\/p>\n<p>[\/et_pb_blurb][\/et_pb_column][et_pb_column type=&#8221;1_2&#8243; _builder_version=&#8221;4.16&#8243; _module_preset=&#8221;default&#8221; global_colors_info=&#8221;{}&#8221;][et_pb_blurb title=&#8221;Beh\u00f6ver du hj\u00e4lp?&#8221; use_icon=&#8221;on&#8221; font_icon=&#8221;&#x77;||divi||400&#8243; icon_placement=&#8221;left&#8221; _builder_version=&#8221;4.16&#8243; _module_preset=&#8221;default&#8221; global_colors_info=&#8221;{}&#8221;]<\/p>\n<p>H\u00f6r av dig till <a href=\"mailto:info@kransband.online\">info@kransband.online<\/a> eller +46(0)708 19 01 40<\/p>\n<p>[\/et_pb_blurb][\/et_pb_column][\/et_pb_row][\/et_pb_section]<\/p>\n","protected":false},"excerpt":{"rendered":"<p>K\u00f6p och leveransvillkor, du handlar alltid tryggt hos kransband.online.\u00a0-Leveranstid \u00e4r 3-6 arbetsdagar +Postnord som har 2-3 arbetsdagar.\u00a0 (total leveranstid \u00e4r ca 10 arbetsdagar)\u00a0 -Frakt 39 kr -Skriv g\u00e4rna begravningsdatum. ange radbrytning om det \u00e4r flera namn, vi godk\u00e4nner 3 rader. obs att texten blir mindre ju fler tecken som anv\u00e4nds. -Efter lagd order f\u00e5r du [&hellip;]<\/p>\n","protected":false},"author":1,"featured_media":223278,"parent":0,"menu_order":0,"comment_status":"closed","ping_status":"closed","template":"","meta":{"_et_pb_use_builder":"on","_et_pb_old_content":"<!-- wp:paragraph -->\n<p><b>This is a sample page.<\/b><\/p>\n<!-- \/wp:paragraph -->\n\n<!-- wp:paragraph -->\n<h3>Overview<\/h3>\n<!-- \/wp:paragraph -->\n\n<!-- wp:paragraph -->\n<p>Our refund and returns policy lasts 30 days. If 30 days have passed since your purchase, we can\u2019t offer you a full refund or exchange.<\/p>\n<!-- \/wp:paragraph -->\n\n<!-- wp:paragraph -->\n<p>To be eligible for a return, your item must be unused and in the same condition that you received it. It must also be in the original packaging.<\/p>\n<!-- \/wp:paragraph -->\n\n<!-- wp:paragraph -->\n<p>Several types of goods are exempt from being returned. Perishable goods such as food, flowers, newspapers or magazines cannot be returned. We also do not accept products that are intimate or sanitary goods, hazardous materials, or flammable liquids or gases.<\/p>\n<!-- \/wp:paragraph -->\n\n<!-- wp:paragraph -->\n<p>Additional non-returnable items:<\/p>\n<!-- \/wp:paragraph -->\n\n<!-- wp:list -->\n<ul>\n<li>Gift cards<\/li>\n<li>Downloadable software products<\/li>\n<li>Some health and personal care items<\/li>\n<\/ul>\n<!-- \/wp:list -->\n\n<!-- wp:paragraph -->\n<p>To complete your return, we require a receipt or proof of purchase.<\/p>\n<!-- \/wp:paragraph -->\n\n<!-- wp:paragraph -->\n<p>Please do not send your purchase back to the manufacturer.<\/p>\n<!-- \/wp:paragraph -->\n\n<!-- wp:paragraph -->\n<p>There are certain situations where only partial refunds are granted:<\/p>\n<!-- \/wp:paragraph -->\n\n<!-- wp:list -->\n<ul>\n<li>Book with obvious signs of use<\/li>\n<li>CD, DVD, VHS tape, software, video game, cassette tape, or vinyl record that has been opened.<\/li>\n<li>Any item not in its original condition, is damaged or missing parts for reasons not due to our error.<\/li>\n<li>Any item that is returned more than 30 days after delivery<\/li>\n<\/ul>\n<!-- \/wp:list -->\n\n<!-- wp:paragraph -->\n<h2>Refunds<\/h2>\n<!-- \/wp:paragraph -->\n\n<!-- wp:paragraph -->\n<p>Once your return is received and inspected, we will send you an email to notify you that we have received your returned item. We will also notify you of the approval or rejection of your refund.<\/p>\n<!-- \/wp:paragraph -->\n\n<!-- wp:paragraph -->\n<p>If you are approved, then your refund will be processed, and a credit will automatically be applied to your credit card or original method of payment, within a certain amount of days.<\/p>\n<!-- \/wp:paragraph -->\n\n<!-- wp:paragraph -->\n<b>Late or missing refunds<\/b>\n<!-- \/wp:paragraph -->\n\n<!-- wp:paragraph -->\n<p>If you haven\u2019t received a refund yet, first check your bank account again.<\/p>\n<!-- \/wp:paragraph -->\n\n<!-- wp:paragraph -->\n<p>Then contact your credit card company, it may take some time before your refund is officially posted.<\/p>\n<!-- \/wp:paragraph -->\n\n<!-- wp:paragraph -->\n<p>Next contact your bank. There is often some processing time before a refund is posted.<\/p>\n<!-- \/wp:paragraph -->\n\n<!-- wp:paragraph -->\n<p>If you\u2019ve done all of this and you still have not received your refund yet, please contact us at {email address}.<\/p>\n<!-- \/wp:paragraph -->\n\n<!-- wp:paragraph -->\n<b>Sale items<\/b>\n<!-- \/wp:paragraph -->\n\n<!-- wp:paragraph -->\n<p>Only regular priced items may be refunded. Sale items cannot be refunded.<\/p>\n<!-- \/wp:paragraph -->\n\n<!-- wp:paragraph -->\n<h2>Exchanges<\/h2>\n<!-- \/wp:paragraph -->\n\n<!-- wp:paragraph -->\n<p>We only replace items if they are defective or damaged. If you need to exchange it for the same item, send us an email at {email address} and send your item to: {physical address}.<\/p>\n<!-- \/wp:paragraph -->\n\n<!-- wp:paragraph -->\n<h2>Gifts<\/h2>\n<!-- \/wp:paragraph -->\n\n<!-- wp:paragraph -->\n<p>If the item was marked as a gift when purchased and shipped directly to you, you\u2019ll receive a gift credit for the value of your return. Once the returned item is received, a gift certificate will be mailed to you.<\/p>\n<!-- \/wp:paragraph -->\n\n<!-- wp:paragraph -->\n<p>If the item wasn\u2019t marked as a gift when purchased, or the gift giver had the order shipped to themselves to give to you later, we will send a refund to the gift giver and they will find out about your return.<\/p>\n<!-- \/wp:paragraph -->\n\n<!-- wp:paragraph -->\n<h2>Shipping returns<\/h2>\n<!-- \/wp:paragraph -->\n\n<!-- wp:paragraph -->\n<p>To return your product, you should mail your product to: {physical address}.<\/p>\n<!-- \/wp:paragraph -->\n\n<!-- wp:paragraph -->\n<p>You will be responsible for paying for your own shipping costs for returning your item. Shipping costs are non-refundable. If you receive a refund, the cost of return shipping will be deducted from your refund.<\/p>\n<!-- \/wp:paragraph -->\n\n<!-- wp:paragraph -->\n<p>Depending on where you live, the time it may take for your exchanged product to reach you may vary.<\/p>\n<!-- \/wp:paragraph -->\n\n<!-- wp:paragraph -->\n<p>If you are returning more expensive items, you may consider using a trackable shipping service or purchasing shipping insurance. We don\u2019t guarantee that we will receive your returned item.<\/p>\n<!-- \/wp:paragraph -->\n\n<!-- wp:paragraph -->\n<h2>Need help?<\/h2>\n<!-- \/wp:paragraph -->\n\n<!-- wp:paragraph -->\n<p>Contact us at {email} for questions related to refunds and returns.<\/p>\n<!-- \/wp:paragraph -->","_et_gb_content_width":"","inline_featured_image":false,"footnotes":""},"class_list":["post-113","page","type-page","status-publish","has-post-thumbnail","hentry"],"yoast_head":"<!-- This site is optimized with the Yoast SEO plugin v27.5 - https:\/\/yoast.com\/product\/yoast-seo-wordpress\/ -->\n<title>K\u00f6pvillkor | Kransband<\/title>\n<meta name=\"description\" content=\"K\u00f6pvillkor. Du handlar tryggt p\u00e5 kransband.online. \u00d6ppetk\u00f6p eller bytesr\u00e4tt g\u00e4ller inte vid specialtryckta produkter. Betalning sker via swish och leverans med postnord.\" \/>\n<meta name=\"robots\" content=\"index, follow, max-snippet:-1, max-image-preview:large, max-video-preview:-1\" \/>\n<link rel=\"canonical\" href=\"https:\/\/kransband.online\/index.php\/aterbetalning_returer\/\" \/>\n<meta property=\"og:locale\" content=\"sv_SE\" \/>\n<meta property=\"og:type\" content=\"article\" \/>\n<meta property=\"og:title\" content=\"K\u00f6pvillkor | Kransband\" \/>\n<meta property=\"og:description\" content=\"K\u00f6pvillkor. Du handlar tryggt p\u00e5 kransband.online. \u00d6ppetk\u00f6p eller bytesr\u00e4tt g\u00e4ller inte vid specialtryckta produkter. Betalning sker via swish och leverans med postnord.\" \/>\n<meta property=\"og:url\" content=\"https:\/\/kransband.online\/index.php\/aterbetalning_returer\/\" \/>\n<meta property=\"og:site_name\" content=\"Kransband\" \/>\n<meta property=\"article:publisher\" content=\"https:\/\/www.facebook.com\/begravningsband\" \/>\n<meta property=\"article:modified_time\" content=\"2026-01-27T17:08:25+00:00\" \/>\n<meta property=\"og:image\" content=\"https:\/\/kransband.online\/wp-content\/uploads\/2021\/10\/Swish_Acceptance_Mark_Horizontal-Plate_P3.png\" \/>\n\t<meta property=\"og:image:width\" content=\"4201\" \/>\n\t<meta property=\"og:image:height\" content=\"1793\" \/>\n\t<meta property=\"og:image:type\" content=\"image\/png\" \/>\n<meta name=\"twitter:card\" content=\"summary_large_image\" \/>\n<meta name=\"twitter:label1\" content=\"Ber\u00e4knad l\u00e4stid\" \/>\n\t<meta name=\"twitter:data1\" content=\"2 minuter\" \/>\n<script type=\"application\/ld+json\" class=\"yoast-schema-graph\">{\"@context\":\"https:\\\/\\\/schema.org\",\"@graph\":[{\"@type\":\"WebPage\",\"@id\":\"https:\\\/\\\/kransband.online\\\/index.php\\\/aterbetalning_returer\\\/\",\"url\":\"https:\\\/\\\/kransband.online\\\/index.php\\\/aterbetalning_returer\\\/\",\"name\":\"K\u00f6pvillkor | Kransband\",\"isPartOf\":{\"@id\":\"https:\\\/\\\/kransband.online\\\/#website\"},\"primaryImageOfPage\":{\"@id\":\"https:\\\/\\\/kransband.online\\\/index.php\\\/aterbetalning_returer\\\/#primaryimage\"},\"image\":{\"@id\":\"https:\\\/\\\/kransband.online\\\/index.php\\\/aterbetalning_returer\\\/#primaryimage\"},\"thumbnailUrl\":\"https:\\\/\\\/kransband.online\\\/wp-content\\\/uploads\\\/2021\\\/10\\\/Swish_Acceptance_Mark_Horizontal-Plate_P3.png\",\"datePublished\":\"2021-10-12T10:07:36+00:00\",\"dateModified\":\"2026-01-27T17:08:25+00:00\",\"description\":\"K\u00f6pvillkor. Du handlar tryggt p\u00e5 kransband.online. \u00d6ppetk\u00f6p eller bytesr\u00e4tt g\u00e4ller inte vid specialtryckta produkter. Betalning sker via swish och leverans med postnord.\",\"breadcrumb\":{\"@id\":\"https:\\\/\\\/kransband.online\\\/index.php\\\/aterbetalning_returer\\\/#breadcrumb\"},\"inLanguage\":\"sv-SE\",\"potentialAction\":[{\"@type\":\"ReadAction\",\"target\":[\"https:\\\/\\\/kransband.online\\\/index.php\\\/aterbetalning_returer\\\/\"]}]},{\"@type\":\"ImageObject\",\"inLanguage\":\"sv-SE\",\"@id\":\"https:\\\/\\\/kransband.online\\\/index.php\\\/aterbetalning_returer\\\/#primaryimage\",\"url\":\"https:\\\/\\\/kransband.online\\\/wp-content\\\/uploads\\\/2021\\\/10\\\/Swish_Acceptance_Mark_Horizontal-Plate_P3.png\",\"contentUrl\":\"https:\\\/\\\/kransband.online\\\/wp-content\\\/uploads\\\/2021\\\/10\\\/Swish_Acceptance_Mark_Horizontal-Plate_P3.png\",\"width\":4201,\"height\":1793,\"caption\":\"k\u00f6p och leveransvillkor, swish betalning f\u00f6r kransband\"},{\"@type\":\"BreadcrumbList\",\"@id\":\"https:\\\/\\\/kransband.online\\\/index.php\\\/aterbetalning_returer\\\/#breadcrumb\",\"itemListElement\":[{\"@type\":\"ListItem\",\"position\":1,\"name\":\"Home\",\"item\":\"https:\\\/\\\/kransband.online\\\/\"},{\"@type\":\"ListItem\",\"position\":2,\"name\":\"K\u00f6pvillkor\"}]},{\"@type\":\"WebSite\",\"@id\":\"https:\\\/\\\/kransband.online\\\/#website\",\"url\":\"https:\\\/\\\/kransband.online\\\/\",\"name\":\"Kransband\",\"description\":\"Kransband Online\",\"potentialAction\":[{\"@type\":\"SearchAction\",\"target\":{\"@type\":\"EntryPoint\",\"urlTemplate\":\"https:\\\/\\\/kransband.online\\\/?s={search_term_string}\"},\"query-input\":{\"@type\":\"PropertyValueSpecification\",\"valueRequired\":true,\"valueName\":\"search_term_string\"}}],\"inLanguage\":\"sv-SE\"}]}<\/script>\n<!-- \/ Yoast SEO plugin. -->","yoast_head_json":{"title":"K\u00f6pvillkor | Kransband","description":"K\u00f6pvillkor. Du handlar tryggt p\u00e5 kransband.online. \u00d6ppetk\u00f6p eller bytesr\u00e4tt g\u00e4ller inte vid specialtryckta produkter. Betalning sker via swish och leverans med postnord.","robots":{"index":"index","follow":"follow","max-snippet":"max-snippet:-1","max-image-preview":"max-image-preview:large","max-video-preview":"max-video-preview:-1"},"canonical":"https:\/\/kransband.online\/index.php\/aterbetalning_returer\/","og_locale":"sv_SE","og_type":"article","og_title":"K\u00f6pvillkor | Kransband","og_description":"K\u00f6pvillkor. Du handlar tryggt p\u00e5 kransband.online. \u00d6ppetk\u00f6p eller bytesr\u00e4tt g\u00e4ller inte vid specialtryckta produkter. Betalning sker via swish och leverans med postnord.","og_url":"https:\/\/kransband.online\/index.php\/aterbetalning_returer\/","og_site_name":"Kransband","article_publisher":"https:\/\/www.facebook.com\/begravningsband","article_modified_time":"2026-01-27T17:08:25+00:00","og_image":[{"width":4201,"height":1793,"url":"https:\/\/kransband.online\/wp-content\/uploads\/2021\/10\/Swish_Acceptance_Mark_Horizontal-Plate_P3.png","type":"image\/png"}],"twitter_card":"summary_large_image","twitter_misc":{"Ber\u00e4knad l\u00e4stid":"2 minuter"},"schema":{"@context":"https:\/\/schema.org","@graph":[{"@type":"WebPage","@id":"https:\/\/kransband.online\/index.php\/aterbetalning_returer\/","url":"https:\/\/kransband.online\/index.php\/aterbetalning_returer\/","name":"K\u00f6pvillkor | Kransband","isPartOf":{"@id":"https:\/\/kransband.online\/#website"},"primaryImageOfPage":{"@id":"https:\/\/kransband.online\/index.php\/aterbetalning_returer\/#primaryimage"},"image":{"@id":"https:\/\/kransband.online\/index.php\/aterbetalning_returer\/#primaryimage"},"thumbnailUrl":"https:\/\/kransband.online\/wp-content\/uploads\/2021\/10\/Swish_Acceptance_Mark_Horizontal-Plate_P3.png","datePublished":"2021-10-12T10:07:36+00:00","dateModified":"2026-01-27T17:08:25+00:00","description":"K\u00f6pvillkor. Du handlar tryggt p\u00e5 kransband.online. \u00d6ppetk\u00f6p eller bytesr\u00e4tt g\u00e4ller inte vid specialtryckta produkter. Betalning sker via swish och leverans med postnord.","breadcrumb":{"@id":"https:\/\/kransband.online\/index.php\/aterbetalning_returer\/#breadcrumb"},"inLanguage":"sv-SE","potentialAction":[{"@type":"ReadAction","target":["https:\/\/kransband.online\/index.php\/aterbetalning_returer\/"]}]},{"@type":"ImageObject","inLanguage":"sv-SE","@id":"https:\/\/kransband.online\/index.php\/aterbetalning_returer\/#primaryimage","url":"https:\/\/kransband.online\/wp-content\/uploads\/2021\/10\/Swish_Acceptance_Mark_Horizontal-Plate_P3.png","contentUrl":"https:\/\/kransband.online\/wp-content\/uploads\/2021\/10\/Swish_Acceptance_Mark_Horizontal-Plate_P3.png","width":4201,"height":1793,"caption":"k\u00f6p och leveransvillkor, swish betalning f\u00f6r kransband"},{"@type":"BreadcrumbList","@id":"https:\/\/kransband.online\/index.php\/aterbetalning_returer\/#breadcrumb","itemListElement":[{"@type":"ListItem","position":1,"name":"Home","item":"https:\/\/kransband.online\/"},{"@type":"ListItem","position":2,"name":"K\u00f6pvillkor"}]},{"@type":"WebSite","@id":"https:\/\/kransband.online\/#website","url":"https:\/\/kransband.online\/","name":"Kransband","description":"Kransband Online","potentialAction":[{"@type":"SearchAction","target":{"@type":"EntryPoint","urlTemplate":"https:\/\/kransband.online\/?s={search_term_string}"},"query-input":{"@type":"PropertyValueSpecification","valueRequired":true,"valueName":"search_term_string"}}],"inLanguage":"sv-SE"}]}},"_links":{"self":[{"href":"https:\/\/kransband.online\/index.php\/wp-json\/wp\/v2\/pages\/113","targetHints":{"allow":["GET"]}}],"collection":[{"href":"https:\/\/kransband.online\/index.php\/wp-json\/wp\/v2\/pages"}],"about":[{"href":"https:\/\/kransband.online\/index.php\/wp-json\/wp\/v2\/types\/page"}],"author":[{"embeddable":true,"href":"https:\/\/kransband.online\/index.php\/wp-json\/wp\/v2\/users\/1"}],"replies":[{"embeddable":true,"href":"https:\/\/kransband.online\/index.php\/wp-json\/wp\/v2\/comments?post=113"}],"version-history":[{"count":15,"href":"https:\/\/kransband.online\/index.php\/wp-json\/wp\/v2\/pages\/113\/revisions"}],"predecessor-version":[{"id":224042,"href":"https:\/\/kransband.online\/index.php\/wp-json\/wp\/v2\/pages\/113\/revisions\/224042"}],"wp:featuredmedia":[{"embeddable":true,"href":"https:\/\/kransband.online\/index.php\/wp-json\/wp\/v2\/media\/223278"}],"wp:attachment":[{"href":"https:\/\/kransband.online\/index.php\/wp-json\/wp\/v2\/media?parent=113"}],"curies":[{"name":"wp","href":"https:\/\/api.w.org\/{rel}","templated":true}]}}