{"id":112,"date":"2021-10-09T12:57:06","date_gmt":"2021-10-09T12:57:06","guid":{"rendered":"https:\/\/kransband.online\/index.php\/mitt-konto\/"},"modified":"2021-12-06T17:54:32","modified_gmt":"2021-12-06T17:54:32","slug":"mitt-konto","status":"publish","type":"page","link":"https:\/\/kransband.online\/index.php\/mitt-konto\/","title":{"rendered":"Mitt konto"},"content":{"rendered":"<p>[et_pb_section fb_built=&#8221;1&#8243; admin_label=&#8221;section&#8221; _builder_version=&#8221;4.14.2&#8243; hover_enabled=&#8221;0&#8243; global_colors_info=&#8221;{}&#8221; sticky_enabled=&#8221;0&#8243;][et_pb_row admin_label=&#8221;row&#8221; _builder_version=&#8221;4.14.2&#8243; background_size=&#8221;initial&#8221; background_position=&#8221;top_left&#8221; background_repeat=&#8221;repeat&#8221; hover_enabled=&#8221;0&#8243; global_colors_info=&#8221;{}&#8221; custom_margin=&#8221;50px||50px||true|false&#8221; custom_padding=&#8221;20px||20px||true|false&#8221; sticky_enabled=&#8221;0&#8243;][et_pb_column type=&#8221;4_4&#8243; _builder_version=&#8221;3.25&#8243; custom_padding=&#8221;|||&#8221; global_colors_info=&#8221;{}&#8221; custom_padding__hover=&#8221;|||&#8221;][et_pb_text _builder_version=&#8221;4.14.2&#8243; _module_preset=&#8221;default&#8221; global_colors_info=&#8221;{}&#8221;]<div class=\"woocommerce\"><\/div>[\/et_pb_text][et_pb_button button_url=&#8221;https:\/\/kransband.online\/hidden\/?action=register&#8221; button_text=&#8221;Registrera dig!&#8221; button_alignment=&#8221;center&#8221; _builder_version=&#8221;4.14.2&#8243; _module_preset=&#8221;default&#8221; custom_button=&#8221;on&#8221; button_text_size=&#8221;18px&#8221; button_text_color=&#8221;#FFFFFF&#8221; button_bg_color=&#8221;#4EDEC2&#8243; button_border_width=&#8221;0px&#8221; button_border_radius=&#8221;10px&#8221; button_icon=&#8221;&#xf234;||fa||900&#8243; button_on_hover=&#8221;off&#8221; animation_style=&#8221;bounce&#8221; animation_duration=&#8221;2000ms&#8221; animation_starting_opacity=&#8221;50%&#8221; hover_enabled=&#8221;0&#8243; custom_css_main_element=&#8221;width: 20%;&#8221; box_shadow_style=&#8221;preset2&#8243; global_colors_info=&#8221;{}&#8221; display_conditions=&#8221;W3siaWQiOiI0MGI0MTU5My1iNWVmLTQwZmItYWMxNi0yYzI1NWExMzg4ZDAiLCJjb25kaXRpb24iOiJsb2dnZWRJblN0YXR1cyIsImNvbmRpdGlvblNldHRpbmdzIjp7ImRpc3BsYXlSdWxlIjoibG9nZ2VkT3V0IiwiYWRtaW5MYWJlbCI6IkxvZ2dlZCBJbiBTdGF0dXMiLCJlbmFibGVDb25kaXRpb24iOiJvbiJ9LCJvcGVyYXRvciI6Ik9SIn1d&#8221; sticky_enabled=&#8221;0&#8243;][\/et_pb_button][\/et_pb_column][\/et_pb_row][\/et_pb_section]<\/p>\n","protected":false},"excerpt":{"rendered":"<div class=\"woocommerce\"><\/div>\n","protected":false},"author":1,"featured_media":0,"parent":0,"menu_order":0,"comment_status":"closed","ping_status":"closed","template":"","meta":{"_et_pb_use_builder":"on","_et_pb_old_content":"<!-- wp:shortcode -->\n[woocommerce_my_account]\n<!-- \/wp:shortcode -->","_et_gb_content_width":"1080","inline_featured_image":false,"footnotes":""},"class_list":["post-112","page","type-page","status-publish","hentry"],"yoast_head":"<!-- This site is optimized with the Yoast SEO plugin v27.5 - https:\/\/yoast.com\/product\/yoast-seo-wordpress\/ -->\n<title>Mitt konto | Kransband<\/title>\n<meta name=\"description\" content=\"Logga in - Kransband.online, \u00f6vervaka best\u00e4llningar och hantera uppgifter. Portal f\u00f6r \u00e5terf\u00f6rs\u00e4ljare, blomsterhandel\" \/>\n<meta name=\"robots\" content=\"index, follow, max-snippet:-1, max-image-preview:large, max-video-preview:-1\" \/>\n<link rel=\"canonical\" href=\"https:\/\/kransband.online\/index.php\/mitt-konto\/\" \/>\n<meta property=\"og:locale\" content=\"sv_SE\" \/>\n<meta property=\"og:type\" content=\"article\" \/>\n<meta property=\"og:title\" content=\"Mitt konto | Kransband\" \/>\n<meta property=\"og:description\" content=\"Logga in - Kransband.online, \u00f6vervaka best\u00e4llningar och hantera uppgifter. Portal f\u00f6r \u00e5terf\u00f6rs\u00e4ljare, blomsterhandel\" \/>\n<meta property=\"og:url\" content=\"https:\/\/kransband.online\/index.php\/mitt-konto\/\" \/>\n<meta property=\"og:site_name\" content=\"Kransband\" \/>\n<meta property=\"article:publisher\" content=\"https:\/\/www.facebook.com\/begravningsband\" \/>\n<meta property=\"article:modified_time\" content=\"2021-12-06T17:54:32+00:00\" \/>\n<meta name=\"twitter:card\" content=\"summary_large_image\" \/>\n<meta name=\"twitter:label1\" content=\"Ber\u00e4knad l\u00e4stid\" \/>\n\t<meta name=\"twitter:data1\" content=\"1 minut\" \/>\n<script type=\"application\/ld+json\" class=\"yoast-schema-graph\">{\"@context\":\"https:\\\/\\\/schema.org\",\"@graph\":[{\"@type\":\"WebPage\",\"@id\":\"https:\\\/\\\/kransband.online\\\/index.php\\\/mitt-konto\\\/\",\"url\":\"https:\\\/\\\/kransband.online\\\/index.php\\\/mitt-konto\\\/\",\"name\":\"Mitt konto | Kransband\",\"isPartOf\":{\"@id\":\"https:\\\/\\\/kransband.online\\\/#website\"},\"datePublished\":\"2021-10-09T12:57:06+00:00\",\"dateModified\":\"2021-12-06T17:54:32+00:00\",\"description\":\"Logga in - Kransband.online, \u00f6vervaka best\u00e4llningar och hantera uppgifter. Portal f\u00f6r \u00e5terf\u00f6rs\u00e4ljare, blomsterhandel\",\"breadcrumb\":{\"@id\":\"https:\\\/\\\/kransband.online\\\/index.php\\\/mitt-konto\\\/#breadcrumb\"},\"inLanguage\":\"sv-SE\",\"potentialAction\":[{\"@type\":\"ReadAction\",\"target\":[\"https:\\\/\\\/kransband.online\\\/index.php\\\/mitt-konto\\\/\"]}]},{\"@type\":\"BreadcrumbList\",\"@id\":\"https:\\\/\\\/kransband.online\\\/index.php\\\/mitt-konto\\\/#breadcrumb\",\"itemListElement\":[{\"@type\":\"ListItem\",\"position\":1,\"name\":\"Home\",\"item\":\"https:\\\/\\\/kransband.online\\\/\"},{\"@type\":\"ListItem\",\"position\":2,\"name\":\"Mitt konto\"}]},{\"@type\":\"WebSite\",\"@id\":\"https:\\\/\\\/kransband.online\\\/#website\",\"url\":\"https:\\\/\\\/kransband.online\\\/\",\"name\":\"Kransband\",\"description\":\"Kransband Online\",\"potentialAction\":[{\"@type\":\"SearchAction\",\"target\":{\"@type\":\"EntryPoint\",\"urlTemplate\":\"https:\\\/\\\/kransband.online\\\/?s={search_term_string}\"},\"query-input\":{\"@type\":\"PropertyValueSpecification\",\"valueRequired\":true,\"valueName\":\"search_term_string\"}}],\"inLanguage\":\"sv-SE\"}]}<\/script>\n<!-- \/ Yoast SEO plugin. -->","yoast_head_json":{"title":"Mitt konto | Kransband","description":"Logga in - Kransband.online, \u00f6vervaka best\u00e4llningar och hantera uppgifter. Portal f\u00f6r \u00e5terf\u00f6rs\u00e4ljare, blomsterhandel","robots":{"index":"index","follow":"follow","max-snippet":"max-snippet:-1","max-image-preview":"max-image-preview:large","max-video-preview":"max-video-preview:-1"},"canonical":"https:\/\/kransband.online\/index.php\/mitt-konto\/","og_locale":"sv_SE","og_type":"article","og_title":"Mitt konto | Kransband","og_description":"Logga in - Kransband.online, \u00f6vervaka best\u00e4llningar och hantera uppgifter. Portal f\u00f6r \u00e5terf\u00f6rs\u00e4ljare, blomsterhandel","og_url":"https:\/\/kransband.online\/index.php\/mitt-konto\/","og_site_name":"Kransband","article_publisher":"https:\/\/www.facebook.com\/begravningsband","article_modified_time":"2021-12-06T17:54:32+00:00","twitter_card":"summary_large_image","twitter_misc":{"Ber\u00e4knad l\u00e4stid":"1 minut"},"schema":{"@context":"https:\/\/schema.org","@graph":[{"@type":"WebPage","@id":"https:\/\/kransband.online\/index.php\/mitt-konto\/","url":"https:\/\/kransband.online\/index.php\/mitt-konto\/","name":"Mitt konto | Kransband","isPartOf":{"@id":"https:\/\/kransband.online\/#website"},"datePublished":"2021-10-09T12:57:06+00:00","dateModified":"2021-12-06T17:54:32+00:00","description":"Logga in - Kransband.online, \u00f6vervaka best\u00e4llningar och hantera uppgifter. Portal f\u00f6r \u00e5terf\u00f6rs\u00e4ljare, blomsterhandel","breadcrumb":{"@id":"https:\/\/kransband.online\/index.php\/mitt-konto\/#breadcrumb"},"inLanguage":"sv-SE","potentialAction":[{"@type":"ReadAction","target":["https:\/\/kransband.online\/index.php\/mitt-konto\/"]}]},{"@type":"BreadcrumbList","@id":"https:\/\/kransband.online\/index.php\/mitt-konto\/#breadcrumb","itemListElement":[{"@type":"ListItem","position":1,"name":"Home","item":"https:\/\/kransband.online\/"},{"@type":"ListItem","position":2,"name":"Mitt konto"}]},{"@type":"WebSite","@id":"https:\/\/kransband.online\/#website","url":"https:\/\/kransband.online\/","name":"Kransband","description":"Kransband Online","potentialAction":[{"@type":"SearchAction","target":{"@type":"EntryPoint","urlTemplate":"https:\/\/kransband.online\/?s={search_term_string}"},"query-input":{"@type":"PropertyValueSpecification","valueRequired":true,"valueName":"search_term_string"}}],"inLanguage":"sv-SE"}]}},"_links":{"self":[{"href":"https:\/\/kransband.online\/index.php\/wp-json\/wp\/v2\/pages\/112","targetHints":{"allow":["GET"]}}],"collection":[{"href":"https:\/\/kransband.online\/index.php\/wp-json\/wp\/v2\/pages"}],"about":[{"href":"https:\/\/kransband.online\/index.php\/wp-json\/wp\/v2\/types\/page"}],"author":[{"embeddable":true,"href":"https:\/\/kransband.online\/index.php\/wp-json\/wp\/v2\/users\/1"}],"replies":[{"embeddable":true,"href":"https:\/\/kransband.online\/index.php\/wp-json\/wp\/v2\/comments?post=112"}],"version-history":[{"count":7,"href":"https:\/\/kransband.online\/index.php\/wp-json\/wp\/v2\/pages\/112\/revisions"}],"predecessor-version":[{"id":223416,"href":"https:\/\/kransband.online\/index.php\/wp-json\/wp\/v2\/pages\/112\/revisions\/223416"}],"wp:attachment":[{"href":"https:\/\/kransband.online\/index.php\/wp-json\/wp\/v2\/media?parent=112"}],"curies":[{"name":"wp","href":"https:\/\/api.w.org\/{rel}","templated":true}]}}